{"id":1269,"date":"2025-01-01T15:32:21","date_gmt":"2025-01-01T15:32:21","guid":{"rendered":"https:\/\/skelet.si\/?page_id=1269"},"modified":"2026-04-07T16:02:25","modified_gmt":"2026-04-07T16:02:25","slug":"dvizne-ploscadi-prodaja","status":"publish","type":"page","link":"https:\/\/skelet.si\/?page_id=1269","title":{"rendered":"Dvi\u017ene plo\u0161\u010dadi rabljene -PRODAJA"},"content":{"rendered":"<div class=\"wp-block-media-text is-stacked-on-mobile is-vertically-aligned-top has-luminous-vivid-orange-background-color has-background\" style=\"grid-template-columns:47% auto\"><figure class=\"wp-block-media-text__media\"><img fetchpriority=\"high\" decoding=\"async\" width=\"768\" height=\"1024\" src=\"https:\/\/skelet.si\/wp-content\/uploads\/2026\/03\/IMG_1787-768x1024.jpg\" alt=\"\" class=\"wp-image-1881 size-full\" srcset=\"https:\/\/skelet.si\/wp-content\/uploads\/2026\/03\/IMG_1787-768x1024.jpg 768w, https:\/\/skelet.si\/wp-content\/uploads\/2026\/03\/IMG_1787-225x300.jpg 225w, https:\/\/skelet.si\/wp-content\/uploads\/2026\/03\/IMG_1787-1152x1536.jpg 1152w, https:\/\/skelet.si\/wp-content\/uploads\/2026\/03\/IMG_1787-1536x2048.jpg 1536w, https:\/\/skelet.si\/wp-content\/uploads\/2026\/03\/IMG_1787-600x800.jpg 600w, https:\/\/skelet.si\/wp-content\/uploads\/2026\/03\/IMG_1787-scaled.jpg 1920w\" sizes=\"(max-width: 768px) 100vw, 768px\" \/><\/figure><div class=\"wp-block-media-text__content\"><p class=\"has-white-color has-text-color has-link-color has-large-font-size wp-elements-e106005bc7f45f56794bfe8a56c33d51\"><strong>JLG 10RS<\/strong><\/p>\n\n<p class=\"has-white-color has-text-color has-link-color has-medium-font-size wp-elements-c92b03be52de13e48614aec501a0d04f\"><strong>Leto izdelave :2016<\/strong><\/p>\n\n<p class=\"has-white-color has-text-color has-link-color has-medium-font-size wp-elements-e56a08d8189354ffb5e992b988e4e374\"><strong>Delovne ure: 248<\/strong><\/p>\n\n<p class=\"has-white-color has-text-color has-link-color has-medium-font-size wp-elements-5e8fdff8b322441becea5f6c446bd8ba\"><strong>Cena in ve\u010d informacij na:<\/strong><\/p>\n\n<p class=\"has-white-color has-text-color has-link-color has-small-font-size wp-elements-c0a95c89c080aedab6263445f008408c\"><a href=\"https:\/\/www.avto.net\/_2016mojavtonet\/details.asp?id=22102987&amp;display=JLG%2010RS%20-%2012m%20-%20320kg\">https:\/\/www.avto.net\/_2016mojavtonet\/details.asp?id=22102987&amp;display=JLG%2010RS%20-%2012m%20-%20320kg<\/a><\/p><\/div><\/div><p><\/p><div class=\"wp-block-media-text is-stacked-on-mobile is-vertically-aligned-top has-vivid-red-background-color has-background\" style=\"grid-template-columns:47% auto\"><figure class=\"wp-block-media-text__media\"><img decoding=\"async\" width=\"768\" height=\"1024\" src=\"https:\/\/skelet.si\/wp-content\/uploads\/2026\/03\/IMG_1735-768x1024.jpg\" alt=\"\" class=\"wp-image-1885 size-full\" srcset=\"https:\/\/skelet.si\/wp-content\/uploads\/2026\/03\/IMG_1735-768x1024.jpg 768w, https:\/\/skelet.si\/wp-content\/uploads\/2026\/03\/IMG_1735-225x300.jpg 225w, https:\/\/skelet.si\/wp-content\/uploads\/2026\/03\/IMG_1735-1152x1536.jpg 1152w, https:\/\/skelet.si\/wp-content\/uploads\/2026\/03\/IMG_1735-1536x2048.jpg 1536w, https:\/\/skelet.si\/wp-content\/uploads\/2026\/03\/IMG_1735-600x800.jpg 600w, https:\/\/skelet.si\/wp-content\/uploads\/2026\/03\/IMG_1735-scaled.jpg 1920w\" sizes=\"(max-width: 768px) 100vw, 768px\" \/><\/figure><div class=\"wp-block-media-text__content\"><p class=\"has-white-color has-text-color has-link-color has-large-font-size wp-elements-da8b581b91df3b82c6e09cb715a961f4\"><strong>Skyjack SJIII 4632<\/strong><\/p>\n\n<p class=\"has-white-color has-text-color has-link-color has-medium-font-size wp-elements-c92b03be52de13e48614aec501a0d04f\"><strong>Leto izdelave :2016<\/strong><\/p>\n\n<p class=\"has-white-color has-text-color has-link-color has-medium-font-size wp-elements-ea9568fcbda187929281c12498b6ee26\"><strong>Delovne ure: 321<\/strong><\/p>\n\n<p class=\"has-white-color has-text-color has-link-color has-medium-font-size wp-elements-5e8fdff8b322441becea5f6c446bd8ba\"><strong>Cena in ve\u010d informacij na:<\/strong><\/p>\n\n<p class=\"has-white-color has-text-color has-link-color has-small-font-size wp-elements-90304705cff257a1eeaf38d7ea701012\"><a href=\"https:\/\/www.avto.net\/_2016mojavtonet\/details.asp?id=22099044&amp;display=SkyJack%20SJIII4632%20-%2012m%20-%20317kg\">https:\/\/www.avto.net\/_2016mojavtonet\/details.asp?id=22099044&amp;display=SkyJack%20SJIII4632%20-%2012m%20-%20317kg<\/a><\/p><\/div><\/div><p><\/p><div class=\"wp-block-media-text is-stacked-on-mobile is-vertically-aligned-top has-luminous-vivid-orange-background-color has-background\" style=\"grid-template-columns:47% auto\"><figure class=\"wp-block-media-text__media\"><img decoding=\"async\" width=\"768\" height=\"1024\" src=\"https:\/\/skelet.si\/wp-content\/uploads\/2026\/03\/IMG_1757-768x1024.jpg\" alt=\"\" class=\"wp-image-1893 size-full\" srcset=\"https:\/\/skelet.si\/wp-content\/uploads\/2026\/03\/IMG_1757-768x1024.jpg 768w, https:\/\/skelet.si\/wp-content\/uploads\/2026\/03\/IMG_1757-225x300.jpg 225w, https:\/\/skelet.si\/wp-content\/uploads\/2026\/03\/IMG_1757-1152x1536.jpg 1152w, https:\/\/skelet.si\/wp-content\/uploads\/2026\/03\/IMG_1757-1536x2048.jpg 1536w, https:\/\/skelet.si\/wp-content\/uploads\/2026\/03\/IMG_1757-600x800.jpg 600w, https:\/\/skelet.si\/wp-content\/uploads\/2026\/03\/IMG_1757-scaled.jpg 1920w\" sizes=\"(max-width: 768px) 100vw, 768px\" \/><\/figure><div class=\"wp-block-media-text__content\"><p class=\"has-white-color has-text-color has-link-color has-large-font-size wp-elements-7a5bb3b0279d9b102f9352baf7600aeb\"><strong>JLG&nbsp;1230ES<\/strong><\/p>\n\n<p class=\"has-white-color has-text-color has-link-color has-medium-font-size wp-elements-988a3a0b63efd8327d6bb8739b497766\"><strong>Leto izdelave :2017<\/strong><\/p>\n\n<p class=\"has-white-color has-text-color has-link-color has-medium-font-size wp-elements-624a4718e730e0b8cf43a4f69826079b\"><strong>Delovne ure: 194<\/strong><\/p>\n\n<p class=\"has-white-color has-text-color has-link-color has-medium-font-size wp-elements-5e8fdff8b322441becea5f6c446bd8ba\"><strong>Cena in ve\u010d informacij na:<\/strong><\/p>\n\n<p class=\"has-white-color has-text-color has-link-color has-small-font-size wp-elements-ebafdd89b79eac5a19909c9f876fc4b4\"><a href=\"https:\/\/www.avto.net\/_2016mojavtonet\/details.asp?id=22103005&amp;display=JLG%201230ES%20-%205.7m%20-%20230kg\">https:\/\/www.avto.net\/_2016mojavtonet\/details.asp?id=22103005&amp;display=JLG%201230ES%20-%205.7m%20-%20230kg<\/a><\/p><\/div><\/div><p><\/p><div class=\"wp-block-media-text is-stacked-on-mobile is-vertically-aligned-top has-vivid-red-background-color has-background\" style=\"grid-template-columns:47% auto\"><figure class=\"wp-block-media-text__media\"><img loading=\"lazy\" decoding=\"async\" width=\"768\" height=\"1024\" src=\"https:\/\/skelet.si\/wp-content\/uploads\/2026\/01\/naprodaj-dvizna-ploscad-Skyjack-SJIII4632-768x1024.jpg\" alt=\"\" class=\"wp-image-1868 size-full\" srcset=\"https:\/\/skelet.si\/wp-content\/uploads\/2026\/01\/naprodaj-dvizna-ploscad-Skyjack-SJIII4632-768x1024.jpg 768w, https:\/\/skelet.si\/wp-content\/uploads\/2026\/01\/naprodaj-dvizna-ploscad-Skyjack-SJIII4632-225x300.jpg 225w, https:\/\/skelet.si\/wp-content\/uploads\/2026\/01\/naprodaj-dvizna-ploscad-Skyjack-SJIII4632-1152x1536.jpg 1152w, https:\/\/skelet.si\/wp-content\/uploads\/2026\/01\/naprodaj-dvizna-ploscad-Skyjack-SJIII4632-1536x2048.jpg 1536w, https:\/\/skelet.si\/wp-content\/uploads\/2026\/01\/naprodaj-dvizna-ploscad-Skyjack-SJIII4632-600x800.jpg 600w, https:\/\/skelet.si\/wp-content\/uploads\/2026\/01\/naprodaj-dvizna-ploscad-Skyjack-SJIII4632-scaled.jpg 1920w\" sizes=\"(max-width: 768px) 100vw, 768px\" \/><\/figure><div class=\"wp-block-media-text__content\"><p class=\"has-white-color has-text-color has-link-color has-large-font-size wp-elements-8754a0eec646b5addd9e04caf341b63b\"><strong>Skyjack&nbsp;SJIII4632<\/strong><\/p>\n\n<p class=\"has-white-color has-text-color has-link-color has-medium-font-size wp-elements-af03985a34942841d0f00cdc0c2df71d\"><strong>Leto izdelave :2019<\/strong><\/p>\n\n<p class=\"has-white-color has-text-color has-link-color has-medium-font-size wp-elements-9671254e86a2cc38ab8387959763b3f3\"><strong>Delovne ure: 262<\/strong><\/p>\n\n<p class=\"has-white-color has-text-color has-link-color has-medium-font-size wp-elements-5e8fdff8b322441becea5f6c446bd8ba\"><strong>Cena in ve\u010d informacij na:<\/strong><\/p>\n\n<p class=\"has-white-color has-text-color has-link-color has-small-font-size wp-elements-77973abaa5b05ccc6707581ce49cd4dc\"><a href=\"https:\/\/www.avto.net\/Ads\/details.asp?id=21403166&amp;display=SkyJack%20SJIII4632%20-12m\">https:\/\/www.avto.net\/Ads\/details.asp?id=21403166&amp;display=SkyJack%20SJIII4632%20-12m<\/a><\/p><\/div><\/div><p><\/p><div class=\"wp-block-media-text is-stacked-on-mobile is-vertically-aligned-top has-luminous-vivid-orange-background-color has-background\" style=\"grid-template-columns:47% auto\"><figure class=\"wp-block-media-text__media\"><img loading=\"lazy\" decoding=\"async\" width=\"768\" height=\"1024\" src=\"https:\/\/skelet.si\/wp-content\/uploads\/2026\/04\/IMG_1220-2-768x1024.jpg\" alt=\"\" class=\"wp-image-1943 size-full\" srcset=\"https:\/\/skelet.si\/wp-content\/uploads\/2026\/04\/IMG_1220-2-768x1024.jpg 768w, https:\/\/skelet.si\/wp-content\/uploads\/2026\/04\/IMG_1220-2-225x300.jpg 225w, https:\/\/skelet.si\/wp-content\/uploads\/2026\/04\/IMG_1220-2-scaled.jpg 1920w\" sizes=\"(max-width: 768px) 100vw, 768px\" \/><\/figure><div class=\"wp-block-media-text__content\"><p class=\"has-white-color has-text-color has-link-color has-large-font-size wp-elements-fa7cdc722f11f70d933690a74b2909a8\"><strong>JLG Ecolift<\/strong><\/p>\n\n<p class=\"has-white-color has-text-color has-link-color has-medium-font-size wp-elements-e7773149def1798aee4874e6b3bed94e\"><strong>Leto izdelave :2020<\/strong><\/p>\n\n<p class=\"has-white-color has-text-color has-link-color has-medium-font-size wp-elements-5e8fdff8b322441becea5f6c446bd8ba\"><strong>Cena in ve\u010d informacij na:<\/strong><\/p>\n\n<p class=\"has-white-color has-text-color has-link-color has-small-font-size wp-elements-32c9d42fd9c6a1f4ee4c1be9766446e5\"><a href=\"https:\/\/www.avto.net\/Ads\/details.asp?id=21169949&amp;display=JLG%20Ecolift\">https:\/\/www.avto.net\/Ads\/details.asp?id=21169949&amp;display=JLG%20Ecolift<\/a><\/p><\/div><\/div><p><\/p><div class=\"wp-block-media-text is-stacked-on-mobile is-vertically-aligned-top has-luminous-vivid-amber-background-color has-background\" style=\"grid-template-columns:47% auto\"><figure class=\"wp-block-media-text__media\"><img loading=\"lazy\" decoding=\"async\" width=\"1024\" height=\"768\" src=\"https:\/\/skelet.si\/wp-content\/uploads\/2026\/01\/naprodaj-dvizna-ploscad-Snorkel-S3219E-1024x768.jpeg\" alt=\"\" class=\"wp-image-1870 size-full\" srcset=\"https:\/\/skelet.si\/wp-content\/uploads\/2026\/01\/naprodaj-dvizna-ploscad-Snorkel-S3219E-1024x768.jpeg 1024w, https:\/\/skelet.si\/wp-content\/uploads\/2026\/01\/naprodaj-dvizna-ploscad-Snorkel-S3219E-300x225.jpeg 300w, https:\/\/skelet.si\/wp-content\/uploads\/2026\/01\/naprodaj-dvizna-ploscad-Snorkel-S3219E-768x576.jpeg 768w, https:\/\/skelet.si\/wp-content\/uploads\/2026\/01\/naprodaj-dvizna-ploscad-Snorkel-S3219E-1536x1152.jpeg 1536w, https:\/\/skelet.si\/wp-content\/uploads\/2026\/01\/naprodaj-dvizna-ploscad-Snorkel-S3219E-2048x1536.jpeg 2048w, https:\/\/skelet.si\/wp-content\/uploads\/2026\/01\/naprodaj-dvizna-ploscad-Snorkel-S3219E-600x450.jpeg 600w\" sizes=\"(max-width: 1024px) 100vw, 1024px\" \/><\/figure><div class=\"wp-block-media-text__content\"><p class=\"has-white-color has-text-color has-link-color has-large-font-size wp-elements-61a1eedf1310b37085310920251b1ee3\"><strong>Snorkel S3219E<\/strong><\/p>\n\n<p class=\"has-white-color has-text-color has-link-color has-medium-font-size wp-elements-b725e24f1e97926d589497a08208787f\"><strong>Leto izdelave :2018<\/strong><\/p>\n\n<p class=\"has-white-color has-text-color has-link-color has-medium-font-size wp-elements-c0c64a4f26c849c45e33faa6ddb659fe\"><strong>Delovne ure: 255<\/strong><\/p>\n\n<p class=\"has-white-color has-text-color has-link-color has-medium-font-size wp-elements-026944115107606c13e0244f1d70e383\"><strong><strong>Cena in ve\u010d informacij na:<\/strong><\/strong><\/p>\n\n<p class=\"has-white-color has-text-color has-link-color has-small-font-size wp-elements-2eebb843bc0c72fd5f2efe9dca365407\"><a href=\"https:\/\/www.avto.net\/_2016mojavtonet\/details.asp?id=20217531&amp;display=Snorkel%20S3219E%20-%208m\">https:\/\/www.avto.net\/_2016mojavtonet\/details.asp?id=20217531&amp;display=Snorkel%20S3219E%20-%208m<\/a><\/p>\n\n<figure class=\"wp-block-embed is-type-video is-provider-youtube wp-block-embed-youtube wp-embed-aspect-16-9 wp-has-aspect-ratio\"><div class=\"wp-block-embed__wrapper\">\n<iframe title=\"Snorkel S3219E Year:2018 Hours:255 #lift #scissor lift #boom lift #skelet #construction\" width=\"640\" height=\"360\" src=\"https:\/\/www.youtube.com\/embed\/wGI_7YTD4ac?feature=oembed\" frameborder=\"0\" allow=\"accelerometer; autoplay; clipboard-write; encrypted-media; gyroscope; picture-in-picture; web-share\" referrerpolicy=\"strict-origin-when-cross-origin\" allowfullscreen><\/iframe>\n<\/div><\/figure><\/div><\/div><p><\/p><p class=\"has-black-color has-text-color has-link-color has-medium-font-size wp-elements-2c093ae7860b5701035907af6a573c14\"><strong>Ostala zaloga. Za ve\u010d informacij in ponudbo kontaktirajte.<\/strong><\/p><div class=\"wp-block-columns is-layout-flex wp-container-core-columns-is-layout-9d6595d7 wp-block-columns-is-layout-flex\"><div class=\"wp-block-column is-layout-flow wp-block-column-is-layout-flow\" style=\"flex-basis:100%\"><figure class=\"wp-block-table is-style-regular has-medium-font-size\"><table class=\"has-white-color has-luminous-vivid-amber-background-color has-text-color has-background has-link-color\"><thead><tr><th>Model<\/th><th>Leto izdelave<\/th><th>Delovne ure<\/th><\/tr><\/thead><tbody><tr><td>JCB S1930E<\/td><td>2017<\/td><td>209<\/td><\/tr><tr><td>JLG 1230ES<\/td><td>2015<\/td><td>252<\/td><\/tr><tr><td>JLG 1230ES<\/td><td>2017<\/td><td>184<\/td><\/tr><tr><td>SNORKEL S4726E<\/td><td>2018<\/td><td>134<\/td><\/tr><tr><td>SNORKEL S3010E<\/td><td>2017<\/td><td>\/<\/td><\/tr><tr><td>GENIE GS1532<\/td><td>2016*<\/td><td><\/td><\/tr><tr><td>JLG 10RS<\/td><td>2016<\/td><td>233<\/td><\/tr><tr><td><\/td><td><\/td><td><\/td><\/tr><tr><td>JLG 2632ES<\/td><td>2015<\/td><td>216<\/td><\/tr><tr><td>SNORKEL S3215E<\/td><td>2017<\/td><td><\/td><\/tr><tr><td>JLG NANO SP PLUS<\/td><td>2012<\/td><td>\/<\/td><\/tr><tr><td>JLG NANO SP<\/td><td>2016<\/td><td>\/<\/td><\/tr><tr><td>SKYJACK SJIII4740<\/td><td>2016*<\/td><td><\/td><\/tr><tr><td>SKYJACK SJIII3220<\/td><td>2015<\/td><td><\/td><\/tr><tr><td>JLG&nbsp;3369 LE<\/td><td>2015<\/td><td>413<\/td><\/tr><tr><td>JLG&nbsp;E300 AJP&nbsp;<\/td><td>2012<\/td><td>1242<\/td><\/tr><\/tbody><\/table><\/figure><\/div><\/div><p><\/p>","protected":false},"excerpt":{"rendered":"<p>JLG 10RS Leto izdelave :2016 Delovne ure: 248 Cena in ve\u010d informacij na: https:\/\/www.avto.net\/_2016mojavtonet\/details.asp?id=22102987&amp;display=JLG%2010RS%20-%2012m%20-%20320kg Skyjack SJIII 4632 Leto izdelave :2016 Delovne ure: 321 Cena in ve\u010d informacij na: https:\/\/www.avto.net\/_2016mojavtonet\/details.asp?id=22099044&amp;display=SkyJack%20SJIII4632%20-%2012m%20-%20317kg JLG&nbsp;1230ES Leto izdelave :2017 Delovne ure: 194 Cena in ve\u010d informacij na: https:\/\/www.avto.net\/_2016mojavtonet\/details.asp?id=22103005&amp;display=JLG%201230ES%20-%205.7m%20-%20230kg Skyjack&nbsp;SJIII4632 Leto izdelave :2019 Delovne ure: 262 Cena in ve\u010d informacij na: https:\/\/www.avto.net\/Ads\/details.asp?id=21403166&amp;display=SkyJack%20SJIII4632%20-12m&#8230;<\/p>\n","protected":false},"author":1,"featured_media":0,"parent":0,"menu_order":0,"comment_status":"closed","ping_status":"closed","template":"","meta":{"footnotes":""},"class_list":["post-1269","page","type-page","status-publish","hentry","texture-woo-product-list","opn-qv-enable","automobile-elementor-woo-hover-","open-single-product-tab-horizontal","open-shadow-","open-shadow-hover-"],"yoast_head":"<!-- This site is optimized with the Yoast SEO plugin v26.1.1 - https:\/\/yoast.com\/wordpress\/plugins\/seo\/ -->\n<title>Dvi\u017ene plo\u0161\u010dadi rabljene -PRODAJA -<\/title>\n<meta name=\"description\" content=\"Ponudba novih in rabljenih dvi\u017enih plo\u0161\u010dadi priznanih blagovnih znamk. Kakovostna oprema po konkuren\u010dnih cenah.\" \/>\n<meta name=\"robots\" content=\"index, follow, max-snippet:-1, max-image-preview:large, max-video-preview:-1\" \/>\n<link rel=\"canonical\" href=\"https:\/\/skelet.si\/?page_id=1269\" \/>\n<meta property=\"og:locale\" content=\"en_US\" \/>\n<meta property=\"og:type\" content=\"article\" \/>\n<meta property=\"og:title\" content=\"Dvi\u017ene plo\u0161\u010dadi rabljene -PRODAJA -\" \/>\n<meta property=\"og:description\" content=\"Ponudba novih in rabljenih dvi\u017enih plo\u0161\u010dadi priznanih blagovnih znamk. Kakovostna oprema po konkuren\u010dnih cenah.\" \/>\n<meta property=\"og:url\" content=\"https:\/\/skelet.si\/?page_id=1269\" \/>\n<meta property=\"article:publisher\" content=\"https:\/\/www.facebook.com\/profile.php?id=61573910116439\" \/>\n<meta property=\"article:modified_time\" content=\"2026-04-07T16:02:25+00:00\" \/>\n<meta property=\"og:image\" content=\"https:\/\/skelet.si\/wp-content\/uploads\/2026\/03\/IMG_1787-scaled.jpg\" \/>\n\t<meta property=\"og:image:width\" content=\"1920\" \/>\n\t<meta property=\"og:image:height\" content=\"2560\" \/>\n\t<meta property=\"og:image:type\" content=\"image\/jpeg\" \/>\n<meta name=\"twitter:card\" content=\"summary_large_image\" \/>\n<meta name=\"twitter:label1\" content=\"Est. reading time\" \/>\n\t<meta name=\"twitter:data1\" content=\"2 minutes\" \/>\n<script type=\"application\/ld+json\" class=\"yoast-schema-graph\">{\"@context\":\"https:\/\/schema.org\",\"@graph\":[{\"@type\":\"WebPage\",\"@id\":\"https:\/\/skelet.si\/?page_id=1269\",\"url\":\"https:\/\/skelet.si\/?page_id=1269\",\"name\":\"Dvi\u017ene plo\u0161\u010dadi rabljene -PRODAJA -\",\"isPartOf\":{\"@id\":\"https:\/\/skelet.si\/#website\"},\"primaryImageOfPage\":{\"@id\":\"https:\/\/skelet.si\/?page_id=1269#primaryimage\"},\"image\":{\"@id\":\"https:\/\/skelet.si\/?page_id=1269#primaryimage\"},\"thumbnailUrl\":\"https:\/\/skelet.si\/wp-content\/uploads\/2026\/03\/IMG_1787-768x1024.jpg\",\"datePublished\":\"2025-01-01T15:32:21+00:00\",\"dateModified\":\"2026-04-07T16:02:25+00:00\",\"description\":\"Ponudba novih in rabljenih dvi\u017enih plo\u0161\u010dadi priznanih blagovnih znamk. Kakovostna oprema po konkuren\u010dnih cenah.\",\"breadcrumb\":{\"@id\":\"https:\/\/skelet.si\/?page_id=1269#breadcrumb\"},\"inLanguage\":\"en-US\",\"potentialAction\":[{\"@type\":\"ReadAction\",\"target\":[\"https:\/\/skelet.si\/?page_id=1269\"]}]},{\"@type\":\"ImageObject\",\"inLanguage\":\"en-US\",\"@id\":\"https:\/\/skelet.si\/?page_id=1269#primaryimage\",\"url\":\"https:\/\/skelet.si\/wp-content\/uploads\/2026\/03\/IMG_1787-scaled.jpg\",\"contentUrl\":\"https:\/\/skelet.si\/wp-content\/uploads\/2026\/03\/IMG_1787-scaled.jpg\",\"width\":1920,\"height\":2560},{\"@type\":\"BreadcrumbList\",\"@id\":\"https:\/\/skelet.si\/?page_id=1269#breadcrumb\",\"itemListElement\":[{\"@type\":\"ListItem\",\"position\":1,\"name\":\"Home\",\"item\":\"https:\/\/skelet.si\/\"},{\"@type\":\"ListItem\",\"position\":2,\"name\":\"Dvi\u017ene plo\u0161\u010dadi rabljene -PRODAJA\"}]},{\"@type\":\"WebSite\",\"@id\":\"https:\/\/skelet.si\/#website\",\"url\":\"https:\/\/skelet.si\/\",\"name\":\"SKELET\",\"description\":\"Podjetje za izposojo in prodajo strojev \",\"publisher\":{\"@id\":\"https:\/\/skelet.si\/#organization\"},\"potentialAction\":[{\"@type\":\"SearchAction\",\"target\":{\"@type\":\"EntryPoint\",\"urlTemplate\":\"https:\/\/skelet.si\/?s={search_term_string}\"},\"query-input\":{\"@type\":\"PropertyValueSpecification\",\"valueRequired\":true,\"valueName\":\"search_term_string\"}}],\"inLanguage\":\"en-US\"},{\"@type\":\"Organization\",\"@id\":\"https:\/\/skelet.si\/#organization\",\"name\":\"SKELET Jurij Golob s.p.\",\"url\":\"https:\/\/skelet.si\/\",\"logo\":{\"@type\":\"ImageObject\",\"inLanguage\":\"en-US\",\"@id\":\"https:\/\/skelet.si\/#\/schema\/logo\/image\/\",\"url\":\"https:\/\/skelet.si\/wp-content\/uploads\/2025\/01\/cropped-SKELET-LOGO-C-TISK.jpg\",\"contentUrl\":\"https:\/\/skelet.si\/wp-content\/uploads\/2025\/01\/cropped-SKELET-LOGO-C-TISK.jpg\",\"width\":1429,\"height\":482,\"caption\":\"SKELET Jurij Golob s.p.\"},\"image\":{\"@id\":\"https:\/\/skelet.si\/#\/schema\/logo\/image\/\"},\"sameAs\":[\"https:\/\/www.facebook.com\/profile.php?id=61573910116439\"]}]}<\/script>\n<!-- \/ Yoast SEO plugin. -->","yoast_head_json":{"title":"Dvi\u017ene plo\u0161\u010dadi rabljene -PRODAJA -","description":"Ponudba novih in rabljenih dvi\u017enih plo\u0161\u010dadi priznanih blagovnih znamk. Kakovostna oprema po konkuren\u010dnih cenah.","robots":{"index":"index","follow":"follow","max-snippet":"max-snippet:-1","max-image-preview":"max-image-preview:large","max-video-preview":"max-video-preview:-1"},"canonical":"https:\/\/skelet.si\/?page_id=1269","og_locale":"en_US","og_type":"article","og_title":"Dvi\u017ene plo\u0161\u010dadi rabljene -PRODAJA -","og_description":"Ponudba novih in rabljenih dvi\u017enih plo\u0161\u010dadi priznanih blagovnih znamk. Kakovostna oprema po konkuren\u010dnih cenah.","og_url":"https:\/\/skelet.si\/?page_id=1269","article_publisher":"https:\/\/www.facebook.com\/profile.php?id=61573910116439","article_modified_time":"2026-04-07T16:02:25+00:00","og_image":[{"width":1920,"height":2560,"url":"https:\/\/skelet.si\/wp-content\/uploads\/2026\/03\/IMG_1787-scaled.jpg","type":"image\/jpeg"}],"twitter_card":"summary_large_image","twitter_misc":{"Est. reading time":"2 minutes"},"schema":{"@context":"https:\/\/schema.org","@graph":[{"@type":"WebPage","@id":"https:\/\/skelet.si\/?page_id=1269","url":"https:\/\/skelet.si\/?page_id=1269","name":"Dvi\u017ene plo\u0161\u010dadi rabljene -PRODAJA -","isPartOf":{"@id":"https:\/\/skelet.si\/#website"},"primaryImageOfPage":{"@id":"https:\/\/skelet.si\/?page_id=1269#primaryimage"},"image":{"@id":"https:\/\/skelet.si\/?page_id=1269#primaryimage"},"thumbnailUrl":"https:\/\/skelet.si\/wp-content\/uploads\/2026\/03\/IMG_1787-768x1024.jpg","datePublished":"2025-01-01T15:32:21+00:00","dateModified":"2026-04-07T16:02:25+00:00","description":"Ponudba novih in rabljenih dvi\u017enih plo\u0161\u010dadi priznanih blagovnih znamk. Kakovostna oprema po konkuren\u010dnih cenah.","breadcrumb":{"@id":"https:\/\/skelet.si\/?page_id=1269#breadcrumb"},"inLanguage":"en-US","potentialAction":[{"@type":"ReadAction","target":["https:\/\/skelet.si\/?page_id=1269"]}]},{"@type":"ImageObject","inLanguage":"en-US","@id":"https:\/\/skelet.si\/?page_id=1269#primaryimage","url":"https:\/\/skelet.si\/wp-content\/uploads\/2026\/03\/IMG_1787-scaled.jpg","contentUrl":"https:\/\/skelet.si\/wp-content\/uploads\/2026\/03\/IMG_1787-scaled.jpg","width":1920,"height":2560},{"@type":"BreadcrumbList","@id":"https:\/\/skelet.si\/?page_id=1269#breadcrumb","itemListElement":[{"@type":"ListItem","position":1,"name":"Home","item":"https:\/\/skelet.si\/"},{"@type":"ListItem","position":2,"name":"Dvi\u017ene plo\u0161\u010dadi rabljene -PRODAJA"}]},{"@type":"WebSite","@id":"https:\/\/skelet.si\/#website","url":"https:\/\/skelet.si\/","name":"SKELET","description":"Podjetje za izposojo in prodajo strojev ","publisher":{"@id":"https:\/\/skelet.si\/#organization"},"potentialAction":[{"@type":"SearchAction","target":{"@type":"EntryPoint","urlTemplate":"https:\/\/skelet.si\/?s={search_term_string}"},"query-input":{"@type":"PropertyValueSpecification","valueRequired":true,"valueName":"search_term_string"}}],"inLanguage":"en-US"},{"@type":"Organization","@id":"https:\/\/skelet.si\/#organization","name":"SKELET Jurij Golob s.p.","url":"https:\/\/skelet.si\/","logo":{"@type":"ImageObject","inLanguage":"en-US","@id":"https:\/\/skelet.si\/#\/schema\/logo\/image\/","url":"https:\/\/skelet.si\/wp-content\/uploads\/2025\/01\/cropped-SKELET-LOGO-C-TISK.jpg","contentUrl":"https:\/\/skelet.si\/wp-content\/uploads\/2025\/01\/cropped-SKELET-LOGO-C-TISK.jpg","width":1429,"height":482,"caption":"SKELET Jurij Golob s.p."},"image":{"@id":"https:\/\/skelet.si\/#\/schema\/logo\/image\/"},"sameAs":["https:\/\/www.facebook.com\/profile.php?id=61573910116439"]}]}},"_links":{"self":[{"href":"https:\/\/skelet.si\/index.php?rest_route=\/wp\/v2\/pages\/1269","targetHints":{"allow":["GET"]}}],"collection":[{"href":"https:\/\/skelet.si\/index.php?rest_route=\/wp\/v2\/pages"}],"about":[{"href":"https:\/\/skelet.si\/index.php?rest_route=\/wp\/v2\/types\/page"}],"author":[{"embeddable":true,"href":"https:\/\/skelet.si\/index.php?rest_route=\/wp\/v2\/users\/1"}],"replies":[{"embeddable":true,"href":"https:\/\/skelet.si\/index.php?rest_route=%2Fwp%2Fv2%2Fcomments&post=1269"}],"version-history":[{"count":54,"href":"https:\/\/skelet.si\/index.php?rest_route=\/wp\/v2\/pages\/1269\/revisions"}],"predecessor-version":[{"id":1944,"href":"https:\/\/skelet.si\/index.php?rest_route=\/wp\/v2\/pages\/1269\/revisions\/1944"}],"wp:attachment":[{"href":"https:\/\/skelet.si\/index.php?rest_route=%2Fwp%2Fv2%2Fmedia&parent=1269"}],"curies":[{"name":"wp","href":"https:\/\/api.w.org\/{rel}","templated":true}]}}