{"id":1579,"date":"2025-03-18T07:26:52","date_gmt":"2025-03-18T07:26:52","guid":{"rendered":"https:\/\/skelet.si\/?page_id=1579"},"modified":"2026-03-18T11:22:52","modified_gmt":"2026-03-18T11:22:52","slug":"usposabljanja-2","status":"publish","type":"page","link":"https:\/\/skelet.si\/?page_id=1579","title":{"rendered":"Usposabljanja"},"content":{"rendered":"<div class=\"wp-block-cover\"><img fetchpriority=\"high\" decoding=\"async\" width=\"1024\" height=\"786\" class=\"wp-block-cover__image-background wp-image-1587\" alt=\"\" src=\"https:\/\/skelet.si\/wp-content\/uploads\/2025\/03\/photo-safety-1-1024x786.jpg\" data-object-fit=\"cover\" srcset=\"https:\/\/skelet.si\/wp-content\/uploads\/2025\/03\/photo-safety-1-1024x786.jpg 1024w, https:\/\/skelet.si\/wp-content\/uploads\/2025\/03\/photo-safety-1-300x230.jpg 300w, https:\/\/skelet.si\/wp-content\/uploads\/2025\/03\/photo-safety-1-768x589.jpg 768w, https:\/\/skelet.si\/wp-content\/uploads\/2025\/03\/photo-safety-1-600x460.jpg 600w, https:\/\/skelet.si\/wp-content\/uploads\/2025\/03\/photo-safety-1.jpg 1105w\" sizes=\"(max-width: 1024px) 100vw, 1024px\" \/><span aria-hidden=\"true\" class=\"wp-block-cover__background has-background-dim\"><\/span><div class=\"wp-block-cover__inner-container is-layout-flow wp-block-cover-is-layout-flow\"><p class=\"has-white-color has-text-color has-link-color wp-elements-fbba48a6e08b08ddb22f5d069ea291b8\"><strong>Usposabljanje za varno delo z dvi\u017eno plo\u0161\u010dadjo.<\/strong><\/p>\n\n<p class=\"has-white-color has-text-color has-link-color wp-elements-a70456b610d84acc83bae2030608a8c9\">Ker \u017eelimo prispevati k maksimalni varnosti na\u0161ih najemojemalcev organiziramo te\u010daje za varno delo z dvi\u017enimi plo\u0161\u010dadmi na lokaciji podjetja v \u0160ebreljah.<\/p>\n\n<p class=\"has-white-color has-text-color has-link-color wp-elements-e2326ba305131c1014ed71ed94d164e0\">Usposabljanje je zasnovano v dveh fazah: teoreti\u010dni in prakti\u010dni del usposabljanja. Po uspe\u0161no zaklju\u010denem teoreti\u010dnem delu sledi prakti\u010dno usposabljanje, ki se izvaja na na\u0161i delovni opremi, kjer udele\u017eenci pridobijo prakti\u010dne izku\u0161nje in znanja.<\/p>\n\n<p class=\"has-white-color has-text-color has-link-color wp-elements-cc075f8a665206702f56a9df46b39df0\">Po udele\u017ebi kandidat prejme Potrdilo o usposobljenosti&nbsp;za delo z dvi\u017eno plo\u0161\u010dadjo. S \u010dimer je zagotavljena skladnost z vsemi relevantnimi predpisi.&nbsp;<\/p>\n\n<p class=\"has-white-color has-text-color has-link-color wp-elements-a52ce6fefc12699f695ef2e0fa714014\">Cena 145-160\u20ac (zavisi od \u0161tevila udele\u017eencev)<\/p>\n\n<p class=\"has-white-color has-text-color has-link-color wp-elements-fec8b337b6d5045162e777a117a0ef0d\">Naslednji termin glede na prijave (predvidoma v maju 2026).<\/p>\n\n<p class=\"has-white-color has-text-color has-link-color wp-elements-bf20f830d9e2955cb6b4a152f8008e03\"><strong>Vabljeni k prijavi!<\/strong><\/p><\/div><\/div>","protected":false},"excerpt":{"rendered":"","protected":false},"author":1,"featured_media":0,"parent":0,"menu_order":0,"comment_status":"closed","ping_status":"closed","template":"","meta":{"footnotes":""},"class_list":["post-1579","page","type-page","status-publish","hentry","texture-woo-product-list","opn-qv-enable","automobile-elementor-woo-hover-","open-single-product-tab-horizontal","open-shadow-","open-shadow-hover-"],"yoast_head":"<!-- This site is optimized with the Yoast SEO plugin v26.1.1 - https:\/\/yoast.com\/wordpress\/plugins\/seo\/ -->\n<title>Usposabljanja -<\/title>\n<meta name=\"robots\" content=\"index, follow, max-snippet:-1, max-image-preview:large, max-video-preview:-1\" \/>\n<link rel=\"canonical\" href=\"https:\/\/skelet.si\/?page_id=1579\" \/>\n<meta property=\"og:locale\" content=\"en_US\" \/>\n<meta property=\"og:type\" content=\"article\" \/>\n<meta property=\"og:title\" content=\"Usposabljanja -\" \/>\n<meta property=\"og:url\" content=\"https:\/\/skelet.si\/?page_id=1579\" \/>\n<meta property=\"article:publisher\" content=\"https:\/\/www.facebook.com\/profile.php?id=61573910116439\" \/>\n<meta property=\"article:modified_time\" content=\"2026-03-18T11:22:52+00:00\" \/>\n<meta property=\"og:image\" content=\"https:\/\/skelet.si\/wp-content\/uploads\/2025\/03\/photo-safety-1.jpg\" \/>\n\t<meta property=\"og:image:width\" content=\"1105\" \/>\n\t<meta property=\"og:image:height\" content=\"848\" \/>\n\t<meta property=\"og:image:type\" content=\"image\/jpeg\" \/>\n<meta name=\"twitter:card\" content=\"summary_large_image\" \/>\n<meta name=\"twitter:label1\" content=\"Est. reading time\" \/>\n\t<meta name=\"twitter:data1\" content=\"1 minute\" \/>\n<script type=\"application\/ld+json\" class=\"yoast-schema-graph\">{\"@context\":\"https:\/\/schema.org\",\"@graph\":[{\"@type\":\"WebPage\",\"@id\":\"https:\/\/skelet.si\/?page_id=1579\",\"url\":\"https:\/\/skelet.si\/?page_id=1579\",\"name\":\"Usposabljanja -\",\"isPartOf\":{\"@id\":\"https:\/\/skelet.si\/#website\"},\"primaryImageOfPage\":{\"@id\":\"https:\/\/skelet.si\/?page_id=1579#primaryimage\"},\"image\":{\"@id\":\"https:\/\/skelet.si\/?page_id=1579#primaryimage\"},\"thumbnailUrl\":\"https:\/\/skelet.si\/wp-content\/uploads\/2025\/03\/photo-safety-1-1024x786.jpg\",\"datePublished\":\"2025-03-18T07:26:52+00:00\",\"dateModified\":\"2026-03-18T11:22:52+00:00\",\"breadcrumb\":{\"@id\":\"https:\/\/skelet.si\/?page_id=1579#breadcrumb\"},\"inLanguage\":\"en-US\",\"potentialAction\":[{\"@type\":\"ReadAction\",\"target\":[\"https:\/\/skelet.si\/?page_id=1579\"]}]},{\"@type\":\"ImageObject\",\"inLanguage\":\"en-US\",\"@id\":\"https:\/\/skelet.si\/?page_id=1579#primaryimage\",\"url\":\"https:\/\/skelet.si\/wp-content\/uploads\/2025\/03\/photo-safety-1.jpg\",\"contentUrl\":\"https:\/\/skelet.si\/wp-content\/uploads\/2025\/03\/photo-safety-1.jpg\",\"width\":1105,\"height\":848},{\"@type\":\"BreadcrumbList\",\"@id\":\"https:\/\/skelet.si\/?page_id=1579#breadcrumb\",\"itemListElement\":[{\"@type\":\"ListItem\",\"position\":1,\"name\":\"Home\",\"item\":\"https:\/\/skelet.si\/\"},{\"@type\":\"ListItem\",\"position\":2,\"name\":\"Usposabljanja\"}]},{\"@type\":\"WebSite\",\"@id\":\"https:\/\/skelet.si\/#website\",\"url\":\"https:\/\/skelet.si\/\",\"name\":\"SKELET\",\"description\":\"Podjetje za izposojo in prodajo strojev \",\"publisher\":{\"@id\":\"https:\/\/skelet.si\/#organization\"},\"potentialAction\":[{\"@type\":\"SearchAction\",\"target\":{\"@type\":\"EntryPoint\",\"urlTemplate\":\"https:\/\/skelet.si\/?s={search_term_string}\"},\"query-input\":{\"@type\":\"PropertyValueSpecification\",\"valueRequired\":true,\"valueName\":\"search_term_string\"}}],\"inLanguage\":\"en-US\"},{\"@type\":\"Organization\",\"@id\":\"https:\/\/skelet.si\/#organization\",\"name\":\"SKELET Jurij Golob s.p.\",\"url\":\"https:\/\/skelet.si\/\",\"logo\":{\"@type\":\"ImageObject\",\"inLanguage\":\"en-US\",\"@id\":\"https:\/\/skelet.si\/#\/schema\/logo\/image\/\",\"url\":\"https:\/\/skelet.si\/wp-content\/uploads\/2025\/01\/cropped-SKELET-LOGO-C-TISK.jpg\",\"contentUrl\":\"https:\/\/skelet.si\/wp-content\/uploads\/2025\/01\/cropped-SKELET-LOGO-C-TISK.jpg\",\"width\":1429,\"height\":482,\"caption\":\"SKELET Jurij Golob s.p.\"},\"image\":{\"@id\":\"https:\/\/skelet.si\/#\/schema\/logo\/image\/\"},\"sameAs\":[\"https:\/\/www.facebook.com\/profile.php?id=61573910116439\"]}]}<\/script>\n<!-- \/ Yoast SEO plugin. -->","yoast_head_json":{"title":"Usposabljanja -","robots":{"index":"index","follow":"follow","max-snippet":"max-snippet:-1","max-image-preview":"max-image-preview:large","max-video-preview":"max-video-preview:-1"},"canonical":"https:\/\/skelet.si\/?page_id=1579","og_locale":"en_US","og_type":"article","og_title":"Usposabljanja -","og_url":"https:\/\/skelet.si\/?page_id=1579","article_publisher":"https:\/\/www.facebook.com\/profile.php?id=61573910116439","article_modified_time":"2026-03-18T11:22:52+00:00","og_image":[{"width":1105,"height":848,"url":"https:\/\/skelet.si\/wp-content\/uploads\/2025\/03\/photo-safety-1.jpg","type":"image\/jpeg"}],"twitter_card":"summary_large_image","twitter_misc":{"Est. reading time":"1 minute"},"schema":{"@context":"https:\/\/schema.org","@graph":[{"@type":"WebPage","@id":"https:\/\/skelet.si\/?page_id=1579","url":"https:\/\/skelet.si\/?page_id=1579","name":"Usposabljanja -","isPartOf":{"@id":"https:\/\/skelet.si\/#website"},"primaryImageOfPage":{"@id":"https:\/\/skelet.si\/?page_id=1579#primaryimage"},"image":{"@id":"https:\/\/skelet.si\/?page_id=1579#primaryimage"},"thumbnailUrl":"https:\/\/skelet.si\/wp-content\/uploads\/2025\/03\/photo-safety-1-1024x786.jpg","datePublished":"2025-03-18T07:26:52+00:00","dateModified":"2026-03-18T11:22:52+00:00","breadcrumb":{"@id":"https:\/\/skelet.si\/?page_id=1579#breadcrumb"},"inLanguage":"en-US","potentialAction":[{"@type":"ReadAction","target":["https:\/\/skelet.si\/?page_id=1579"]}]},{"@type":"ImageObject","inLanguage":"en-US","@id":"https:\/\/skelet.si\/?page_id=1579#primaryimage","url":"https:\/\/skelet.si\/wp-content\/uploads\/2025\/03\/photo-safety-1.jpg","contentUrl":"https:\/\/skelet.si\/wp-content\/uploads\/2025\/03\/photo-safety-1.jpg","width":1105,"height":848},{"@type":"BreadcrumbList","@id":"https:\/\/skelet.si\/?page_id=1579#breadcrumb","itemListElement":[{"@type":"ListItem","position":1,"name":"Home","item":"https:\/\/skelet.si\/"},{"@type":"ListItem","position":2,"name":"Usposabljanja"}]},{"@type":"WebSite","@id":"https:\/\/skelet.si\/#website","url":"https:\/\/skelet.si\/","name":"SKELET","description":"Podjetje za izposojo in prodajo strojev ","publisher":{"@id":"https:\/\/skelet.si\/#organization"},"potentialAction":[{"@type":"SearchAction","target":{"@type":"EntryPoint","urlTemplate":"https:\/\/skelet.si\/?s={search_term_string}"},"query-input":{"@type":"PropertyValueSpecification","valueRequired":true,"valueName":"search_term_string"}}],"inLanguage":"en-US"},{"@type":"Organization","@id":"https:\/\/skelet.si\/#organization","name":"SKELET Jurij Golob s.p.","url":"https:\/\/skelet.si\/","logo":{"@type":"ImageObject","inLanguage":"en-US","@id":"https:\/\/skelet.si\/#\/schema\/logo\/image\/","url":"https:\/\/skelet.si\/wp-content\/uploads\/2025\/01\/cropped-SKELET-LOGO-C-TISK.jpg","contentUrl":"https:\/\/skelet.si\/wp-content\/uploads\/2025\/01\/cropped-SKELET-LOGO-C-TISK.jpg","width":1429,"height":482,"caption":"SKELET Jurij Golob s.p."},"image":{"@id":"https:\/\/skelet.si\/#\/schema\/logo\/image\/"},"sameAs":["https:\/\/www.facebook.com\/profile.php?id=61573910116439"]}]}},"_links":{"self":[{"href":"https:\/\/skelet.si\/index.php?rest_route=\/wp\/v2\/pages\/1579","targetHints":{"allow":["GET"]}}],"collection":[{"href":"https:\/\/skelet.si\/index.php?rest_route=\/wp\/v2\/pages"}],"about":[{"href":"https:\/\/skelet.si\/index.php?rest_route=\/wp\/v2\/types\/page"}],"author":[{"embeddable":true,"href":"https:\/\/skelet.si\/index.php?rest_route=\/wp\/v2\/users\/1"}],"replies":[{"embeddable":true,"href":"https:\/\/skelet.si\/index.php?rest_route=%2Fwp%2Fv2%2Fcomments&post=1579"}],"version-history":[{"count":11,"href":"https:\/\/skelet.si\/index.php?rest_route=\/wp\/v2\/pages\/1579\/revisions"}],"predecessor-version":[{"id":1891,"href":"https:\/\/skelet.si\/index.php?rest_route=\/wp\/v2\/pages\/1579\/revisions\/1891"}],"wp:attachment":[{"href":"https:\/\/skelet.si\/index.php?rest_route=%2Fwp%2Fv2%2Fmedia&parent=1579"}],"curies":[{"name":"wp","href":"https:\/\/api.w.org\/{rel}","templated":true}]}}