{"id":1701,"date":"2025-07-01T02:43:16","date_gmt":"2025-07-01T02:43:16","guid":{"rendered":"https:\/\/skelet.si\/?page_id=1701"},"modified":"2026-03-19T05:48:33","modified_gmt":"2026-03-19T05:48:33","slug":"ostala-oprema-brezplacno-ob-najemu","status":"publish","type":"page","link":"https:\/\/skelet.si\/?page_id=1701","title":{"rendered":"Ostala oprema -REZPLA\u010cNO OB NAJEMU"},"content":{"rendered":"<div class=\"wp-block-media-text is-stacked-on-mobile is-vertically-aligned-top has-luminous-vivid-amber-background-color has-background\" style=\"grid-template-columns:64% auto\"><figure class=\"wp-block-media-text__media\"><img fetchpriority=\"high\" decoding=\"async\" width=\"1024\" height=\"682\" src=\"https:\/\/skelet.si\/wp-content\/uploads\/2025\/06\/STIHL-KRTACA-LABEL-BREZPLACNO-1024x682.jpg\" alt=\"\" class=\"wp-image-1687 size-full\" srcset=\"https:\/\/skelet.si\/wp-content\/uploads\/2025\/06\/STIHL-KRTACA-LABEL-BREZPLACNO-1024x682.jpg 1024w, https:\/\/skelet.si\/wp-content\/uploads\/2025\/06\/STIHL-KRTACA-LABEL-BREZPLACNO-300x200.jpg 300w, https:\/\/skelet.si\/wp-content\/uploads\/2025\/06\/STIHL-KRTACA-LABEL-BREZPLACNO-768x511.jpg 768w, https:\/\/skelet.si\/wp-content\/uploads\/2025\/06\/STIHL-KRTACA-LABEL-BREZPLACNO-600x399.jpg 600w, https:\/\/skelet.si\/wp-content\/uploads\/2025\/06\/STIHL-KRTACA-LABEL-BREZPLACNO.jpg 1534w\" sizes=\"(max-width: 1024px) 100vw, 1024px\" \/><\/figure><div class=\"wp-block-media-text__content\"><p class=\"has-white-color has-text-color has-link-color has-large-font-size wp-elements-e7938bc712d57cbee14afcacf654adf6\"><strong>LESKET<\/strong><\/p>\n\n<p class=\"has-white-color has-text-color has-link-color has-medium-font-size wp-elements-cb3f8378d50c2ae48673e68227eef361\"><strong>Specialni set za \u010di\u0161\u010denje son\u010dnih panelov<\/strong><\/p>\n\n<p class=\"has-white-color has-text-color has-link-color has-small-font-size wp-elements-753f7d8dc4b6d654837a87be3d136e43\"><strong>Oprema za uporabo z visokotla\u010dnim \u010distilcem<\/strong><\/p>\n\n<p class=\"has-white-color has-text-color has-link-color has-small-font-size wp-elements-8e0ce8fcfb1d0ebf40aef85b933bee2b\"><strong>Dol\u017eina teleskopa 4m<\/strong> <\/p>\n\n<p class=\"has-white-color has-text-color has-link-color has-small-font-size wp-elements-18d2f700c2bfba207f9ec60ec8c52a71\"><strong>Masa 3,2kg + 2,9kg<\/strong><\/p>\n\n<figure class=\"wp-block-embed is-type-video is-provider-youtube wp-block-embed-youtube wp-embed-aspect-16-9 wp-has-aspect-ratio\"><div class=\"wp-block-embed__wrapper\">\n<iframe title=\"\u010cI\u0160\u010cENJE SOLARNIH PANELOV - NAJEM DVI\u017dNIH PLO\u0160\u010cADI - SKELET\" width=\"640\" height=\"360\" src=\"https:\/\/www.youtube.com\/embed\/vFb6elcIipM?feature=oembed\" frameborder=\"0\" allow=\"accelerometer; autoplay; clipboard-write; encrypted-media; gyroscope; picture-in-picture; web-share\" referrerpolicy=\"strict-origin-when-cross-origin\" allowfullscreen><\/iframe>\n<\/div><\/figure><\/div><\/div><p><\/p><div class=\"wp-block-media-text is-stacked-on-mobile has-pale-cyan-blue-background-color has-background\" style=\"grid-template-columns:64% auto\"><figure class=\"wp-block-media-text__media\"><img decoding=\"async\" width=\"1024\" height=\"963\" src=\"https:\/\/skelet.si\/wp-content\/uploads\/2025\/07\/Makita-DUX60-36v-LABEL-BREZPLACNO-1-1024x963.jpg\" alt=\"\" class=\"wp-image-1705 size-full\" srcset=\"https:\/\/skelet.si\/wp-content\/uploads\/2025\/07\/Makita-DUX60-36v-LABEL-BREZPLACNO-1-1024x963.jpg 1024w, https:\/\/skelet.si\/wp-content\/uploads\/2025\/07\/Makita-DUX60-36v-LABEL-BREZPLACNO-1-300x282.jpg 300w, https:\/\/skelet.si\/wp-content\/uploads\/2025\/07\/Makita-DUX60-36v-LABEL-BREZPLACNO-1-768x722.jpg 768w, https:\/\/skelet.si\/wp-content\/uploads\/2025\/07\/Makita-DUX60-36v-LABEL-BREZPLACNO-1-600x564.jpg 600w, https:\/\/skelet.si\/wp-content\/uploads\/2025\/07\/Makita-DUX60-36v-LABEL-BREZPLACNO-1.jpg 1255w\" sizes=\"(max-width: 1024px) 100vw, 1024px\" \/><\/figure><div class=\"wp-block-media-text__content\"><p class=\"has-white-color has-text-color has-link-color has-large-font-size wp-elements-a8e216b7202df2605439d7ced6e01ade\"><strong>MAKITA<\/strong><\/p>\n\n<p class=\"has-white-color has-text-color has-link-color has-medium-font-size wp-elements-babdb16dd39a7e28ec046337511c53ad\"><strong>Teleskopska \u017eaga 36V s hitrim polnilcem<\/strong><\/p>\n\n<p class=\"has-white-color has-text-color has-link-color has-small-font-size wp-elements-93e01300c897d72cfcd03ad682da1934\"><strong>Dol\u017eina 3,4m<\/strong><\/p>\n\n<p class=\"has-white-color has-text-color has-link-color has-small-font-size wp-elements-0fecf61b5f3bae8d850a07aceae22bfc\"><strong>Dol\u017eina me\u010da 300mm<\/strong><\/p>\n\n<p class=\"has-white-color has-text-color has-link-color has-small-font-size wp-elements-462662f2053aef8df55bf13bcaa59459\"><strong>Masa 4,7kg + nastavek<\/strong><\/p><\/div><\/div><p><\/p><div class=\"wp-block-media-text is-stacked-on-mobile has-luminous-vivid-amber-background-color has-background\" style=\"grid-template-columns:59% auto\"><figure class=\"wp-block-media-text__media\"><img decoding=\"async\" width=\"1024\" height=\"1024\" src=\"https:\/\/skelet.si\/wp-content\/uploads\/2025\/07\/STIHL-BR550-LABEL-BREZPLACNO-1024x1024.jpg\" alt=\"\" class=\"wp-image-1706 size-full\" srcset=\"https:\/\/skelet.si\/wp-content\/uploads\/2025\/07\/STIHL-BR550-LABEL-BREZPLACNO-1024x1024.jpg 1024w, https:\/\/skelet.si\/wp-content\/uploads\/2025\/07\/STIHL-BR550-LABEL-BREZPLACNO-300x300.jpg 300w, https:\/\/skelet.si\/wp-content\/uploads\/2025\/07\/STIHL-BR550-LABEL-BREZPLACNO-150x150.jpg 150w, https:\/\/skelet.si\/wp-content\/uploads\/2025\/07\/STIHL-BR550-LABEL-BREZPLACNO-768x768.jpg 768w, https:\/\/skelet.si\/wp-content\/uploads\/2025\/07\/STIHL-BR550-LABEL-BREZPLACNO-1536x1536.jpg 1536w, https:\/\/skelet.si\/wp-content\/uploads\/2025\/07\/STIHL-BR550-LABEL-BREZPLACNO-600x600.jpg 600w, https:\/\/skelet.si\/wp-content\/uploads\/2025\/07\/STIHL-BR550-LABEL-BREZPLACNO-100x100.jpg 100w, https:\/\/skelet.si\/wp-content\/uploads\/2025\/07\/STIHL-BR550-LABEL-BREZPLACNO.jpg 2048w\" sizes=\"(max-width: 1024px) 100vw, 1024px\" \/><\/figure><div class=\"wp-block-media-text__content\"><p class=\"has-white-color has-text-color has-link-color has-large-font-size wp-elements-c72b55cc3a16722d0533910bd7090a50\"><strong>STIHL<\/strong><\/p>\n\n<p class=\"has-white-color has-text-color has-link-color has-medium-font-size wp-elements-e628a19948cb9752fc304fe8ca350648\"><strong>Nahrbtni bencinski pihalnih<\/strong><\/p>\n\n<p class=\"has-white-color has-text-color has-link-color has-small-font-size wp-elements-095865ea21104b7ae3676c303472955f\"><strong>Pretok zraka  1490 m3\/h<\/strong><\/p>\n\n<p class=\"has-white-color has-text-color has-link-color has-small-font-size wp-elements-a5b6dc1ee497a232b1d3ad28edf5de63\"><strong>Masa 9,9kg<\/strong><\/p>\n\n<p class=\"has-white-color has-text-color has-link-color has-small-font-size wp-elements-75423fc7c9217debce69d3019f5a9b56\"><strong>Bencinski 4T motor<\/strong><\/p><\/div><\/div><p><\/p><div class=\"wp-block-media-text is-stacked-on-mobile has-vivid-cyan-blue-background-color has-background\" style=\"grid-template-columns:59% auto\"><figure class=\"wp-block-media-text__media\"><img loading=\"lazy\" decoding=\"async\" width=\"1000\" height=\"1000\" src=\"https:\/\/skelet.si\/wp-content\/uploads\/2025\/07\/hyundai-HY4500-LABEL-BREZPLACNO.jpg\" alt=\"\" class=\"wp-image-1708 size-full\" srcset=\"https:\/\/skelet.si\/wp-content\/uploads\/2025\/07\/hyundai-HY4500-LABEL-BREZPLACNO.jpg 1000w, https:\/\/skelet.si\/wp-content\/uploads\/2025\/07\/hyundai-HY4500-LABEL-BREZPLACNO-300x300.jpg 300w, https:\/\/skelet.si\/wp-content\/uploads\/2025\/07\/hyundai-HY4500-LABEL-BREZPLACNO-150x150.jpg 150w, https:\/\/skelet.si\/wp-content\/uploads\/2025\/07\/hyundai-HY4500-LABEL-BREZPLACNO-768x768.jpg 768w, https:\/\/skelet.si\/wp-content\/uploads\/2025\/07\/hyundai-HY4500-LABEL-BREZPLACNO-600x600.jpg 600w, https:\/\/skelet.si\/wp-content\/uploads\/2025\/07\/hyundai-HY4500-LABEL-BREZPLACNO-100x100.jpg 100w\" sizes=\"(max-width: 1000px) 100vw, 1000px\" \/><\/figure><div class=\"wp-block-media-text__content\"><p class=\"has-white-color has-text-color has-link-color has-large-font-size wp-elements-4f773b569bfcc39983bb6501e3611ee1\"><strong>HYUNDAI<\/strong><\/p>\n\n<p class=\"has-white-color has-text-color has-link-color has-medium-font-size wp-elements-089f8f3a46feb58f062a004a2655cca3\"><strong>Inverterski agregat 4KW<\/strong><\/p>\n\n<p class=\"has-white-color has-text-color has-link-color has-small-font-size wp-elements-62ef9a82f16a9dbfce986bd90c84f81e\"><strong>Izhodna mo\u010d 4KW<\/strong><\/p>\n\n<p class=\"has-white-color has-text-color has-link-color has-small-font-size wp-elements-915afd41233ebbb28e448505a791bc6a\"><strong>Masa 50kg<\/strong><\/p>\n\n<p class=\"has-white-color has-text-color has-link-color has-small-font-size wp-elements-2a25ba73da28fc33b3c4601770f92fcc\"><strong>Bencinski 4T motor<\/strong><\/p>\n\n<p class=\"has-white-color has-text-color has-link-color has-small-font-size wp-elements-67630b873e8bf5b844432afcf2c6e67d\"><strong>Dalinjski upravljalnik<\/strong><\/p><\/div><\/div><p><\/p>","protected":false},"excerpt":{"rendered":"<p>MAKITA Teleskopska \u017eaga 36V s hitrim polnilcem Dol\u017eina 3,4m Dol\u017eina me\u010da 300mm Masa 4,7kg + nastavek STIHL Nahrbtni bencinski pihalnih Pretok zraka 1490 m3\/h Masa 9,9kg Bencinski 4T motor HYUNDAI Inverterski agregat 4KW Izhodna mo\u010d 4KW Masa 50kg Bencinski 4T motor Dalinjski upravljalnik<\/p>\n","protected":false},"author":1,"featured_media":0,"parent":0,"menu_order":0,"comment_status":"closed","ping_status":"closed","template":"","meta":{"footnotes":""},"class_list":["post-1701","page","type-page","status-publish","hentry","texture-woo-product-list","opn-qv-enable","automobile-elementor-woo-hover-","open-single-product-tab-horizontal","open-shadow-","open-shadow-hover-"],"yoast_head":"<!-- This site is optimized with the Yoast SEO plugin v26.1.1 - https:\/\/yoast.com\/wordpress\/plugins\/seo\/ -->\n<title>Ostala oprema -REZPLA\u010cNO OB NAJEMU -<\/title>\n<meta name=\"robots\" content=\"index, follow, max-snippet:-1, max-image-preview:large, max-video-preview:-1\" \/>\n<link rel=\"canonical\" href=\"https:\/\/skelet.si\/?page_id=1701\" \/>\n<meta property=\"og:locale\" content=\"en_US\" \/>\n<meta property=\"og:type\" content=\"article\" \/>\n<meta property=\"og:title\" content=\"Ostala oprema -REZPLA\u010cNO OB NAJEMU -\" \/>\n<meta property=\"og:description\" content=\"MAKITA Teleskopska \u017eaga 36V s hitrim polnilcem Dol\u017eina 3,4m Dol\u017eina me\u010da 300mm Masa 4,7kg + nastavek STIHL Nahrbtni bencinski pihalnih Pretok zraka 1490 m3\/h Masa 9,9kg Bencinski 4T motor HYUNDAI Inverterski agregat 4KW Izhodna mo\u010d 4KW Masa 50kg Bencinski 4T motor Dalinjski upravljalnik\" \/>\n<meta property=\"og:url\" content=\"https:\/\/skelet.si\/?page_id=1701\" \/>\n<meta property=\"article:publisher\" content=\"https:\/\/www.facebook.com\/profile.php?id=61573910116439\" \/>\n<meta property=\"article:modified_time\" content=\"2026-03-19T05:48:33+00:00\" \/>\n<meta property=\"og:image\" content=\"https:\/\/skelet.si\/wp-content\/uploads\/2025\/06\/STIHL-KRTACA-LABEL-BREZPLACNO.jpg\" \/>\n\t<meta property=\"og:image:width\" content=\"1534\" \/>\n\t<meta property=\"og:image:height\" content=\"1021\" \/>\n\t<meta property=\"og:image:type\" content=\"image\/jpeg\" \/>\n<meta name=\"twitter:card\" content=\"summary_large_image\" \/>\n<meta name=\"twitter:label1\" content=\"Est. reading time\" \/>\n\t<meta name=\"twitter:data1\" content=\"2 minutes\" \/>\n<script type=\"application\/ld+json\" class=\"yoast-schema-graph\">{\"@context\":\"https:\/\/schema.org\",\"@graph\":[{\"@type\":\"WebPage\",\"@id\":\"https:\/\/skelet.si\/?page_id=1701\",\"url\":\"https:\/\/skelet.si\/?page_id=1701\",\"name\":\"Ostala oprema -REZPLA\u010cNO OB NAJEMU -\",\"isPartOf\":{\"@id\":\"https:\/\/skelet.si\/#website\"},\"primaryImageOfPage\":{\"@id\":\"https:\/\/skelet.si\/?page_id=1701#primaryimage\"},\"image\":{\"@id\":\"https:\/\/skelet.si\/?page_id=1701#primaryimage\"},\"thumbnailUrl\":\"https:\/\/skelet.si\/wp-content\/uploads\/2025\/06\/STIHL-KRTACA-LABEL-BREZPLACNO-1024x682.jpg\",\"datePublished\":\"2025-07-01T02:43:16+00:00\",\"dateModified\":\"2026-03-19T05:48:33+00:00\",\"breadcrumb\":{\"@id\":\"https:\/\/skelet.si\/?page_id=1701#breadcrumb\"},\"inLanguage\":\"en-US\",\"potentialAction\":[{\"@type\":\"ReadAction\",\"target\":[\"https:\/\/skelet.si\/?page_id=1701\"]}]},{\"@type\":\"ImageObject\",\"inLanguage\":\"en-US\",\"@id\":\"https:\/\/skelet.si\/?page_id=1701#primaryimage\",\"url\":\"https:\/\/skelet.si\/wp-content\/uploads\/2025\/06\/STIHL-KRTACA-LABEL-BREZPLACNO.jpg\",\"contentUrl\":\"https:\/\/skelet.si\/wp-content\/uploads\/2025\/06\/STIHL-KRTACA-LABEL-BREZPLACNO.jpg\",\"width\":1534,\"height\":1021},{\"@type\":\"BreadcrumbList\",\"@id\":\"https:\/\/skelet.si\/?page_id=1701#breadcrumb\",\"itemListElement\":[{\"@type\":\"ListItem\",\"position\":1,\"name\":\"Home\",\"item\":\"https:\/\/skelet.si\/\"},{\"@type\":\"ListItem\",\"position\":2,\"name\":\"Ostala oprema -REZPLA\u010cNO OB NAJEMU\"}]},{\"@type\":\"WebSite\",\"@id\":\"https:\/\/skelet.si\/#website\",\"url\":\"https:\/\/skelet.si\/\",\"name\":\"SKELET\",\"description\":\"Podjetje za izposojo in prodajo strojev \",\"publisher\":{\"@id\":\"https:\/\/skelet.si\/#organization\"},\"potentialAction\":[{\"@type\":\"SearchAction\",\"target\":{\"@type\":\"EntryPoint\",\"urlTemplate\":\"https:\/\/skelet.si\/?s={search_term_string}\"},\"query-input\":{\"@type\":\"PropertyValueSpecification\",\"valueRequired\":true,\"valueName\":\"search_term_string\"}}],\"inLanguage\":\"en-US\"},{\"@type\":\"Organization\",\"@id\":\"https:\/\/skelet.si\/#organization\",\"name\":\"SKELET Jurij Golob s.p.\",\"url\":\"https:\/\/skelet.si\/\",\"logo\":{\"@type\":\"ImageObject\",\"inLanguage\":\"en-US\",\"@id\":\"https:\/\/skelet.si\/#\/schema\/logo\/image\/\",\"url\":\"https:\/\/skelet.si\/wp-content\/uploads\/2025\/01\/cropped-SKELET-LOGO-C-TISK.jpg\",\"contentUrl\":\"https:\/\/skelet.si\/wp-content\/uploads\/2025\/01\/cropped-SKELET-LOGO-C-TISK.jpg\",\"width\":1429,\"height\":482,\"caption\":\"SKELET Jurij Golob s.p.\"},\"image\":{\"@id\":\"https:\/\/skelet.si\/#\/schema\/logo\/image\/\"},\"sameAs\":[\"https:\/\/www.facebook.com\/profile.php?id=61573910116439\"]}]}<\/script>\n<!-- \/ Yoast SEO plugin. -->","yoast_head_json":{"title":"Ostala oprema -REZPLA\u010cNO OB NAJEMU -","robots":{"index":"index","follow":"follow","max-snippet":"max-snippet:-1","max-image-preview":"max-image-preview:large","max-video-preview":"max-video-preview:-1"},"canonical":"https:\/\/skelet.si\/?page_id=1701","og_locale":"en_US","og_type":"article","og_title":"Ostala oprema -REZPLA\u010cNO OB NAJEMU -","og_description":"MAKITA Teleskopska \u017eaga 36V s hitrim polnilcem Dol\u017eina 3,4m Dol\u017eina me\u010da 300mm Masa 4,7kg + nastavek STIHL Nahrbtni bencinski pihalnih Pretok zraka 1490 m3\/h Masa 9,9kg Bencinski 4T motor HYUNDAI Inverterski agregat 4KW Izhodna mo\u010d 4KW Masa 50kg Bencinski 4T motor Dalinjski upravljalnik","og_url":"https:\/\/skelet.si\/?page_id=1701","article_publisher":"https:\/\/www.facebook.com\/profile.php?id=61573910116439","article_modified_time":"2026-03-19T05:48:33+00:00","og_image":[{"width":1534,"height":1021,"url":"https:\/\/skelet.si\/wp-content\/uploads\/2025\/06\/STIHL-KRTACA-LABEL-BREZPLACNO.jpg","type":"image\/jpeg"}],"twitter_card":"summary_large_image","twitter_misc":{"Est. reading time":"2 minutes"},"schema":{"@context":"https:\/\/schema.org","@graph":[{"@type":"WebPage","@id":"https:\/\/skelet.si\/?page_id=1701","url":"https:\/\/skelet.si\/?page_id=1701","name":"Ostala oprema -REZPLA\u010cNO OB NAJEMU -","isPartOf":{"@id":"https:\/\/skelet.si\/#website"},"primaryImageOfPage":{"@id":"https:\/\/skelet.si\/?page_id=1701#primaryimage"},"image":{"@id":"https:\/\/skelet.si\/?page_id=1701#primaryimage"},"thumbnailUrl":"https:\/\/skelet.si\/wp-content\/uploads\/2025\/06\/STIHL-KRTACA-LABEL-BREZPLACNO-1024x682.jpg","datePublished":"2025-07-01T02:43:16+00:00","dateModified":"2026-03-19T05:48:33+00:00","breadcrumb":{"@id":"https:\/\/skelet.si\/?page_id=1701#breadcrumb"},"inLanguage":"en-US","potentialAction":[{"@type":"ReadAction","target":["https:\/\/skelet.si\/?page_id=1701"]}]},{"@type":"ImageObject","inLanguage":"en-US","@id":"https:\/\/skelet.si\/?page_id=1701#primaryimage","url":"https:\/\/skelet.si\/wp-content\/uploads\/2025\/06\/STIHL-KRTACA-LABEL-BREZPLACNO.jpg","contentUrl":"https:\/\/skelet.si\/wp-content\/uploads\/2025\/06\/STIHL-KRTACA-LABEL-BREZPLACNO.jpg","width":1534,"height":1021},{"@type":"BreadcrumbList","@id":"https:\/\/skelet.si\/?page_id=1701#breadcrumb","itemListElement":[{"@type":"ListItem","position":1,"name":"Home","item":"https:\/\/skelet.si\/"},{"@type":"ListItem","position":2,"name":"Ostala oprema -REZPLA\u010cNO OB NAJEMU"}]},{"@type":"WebSite","@id":"https:\/\/skelet.si\/#website","url":"https:\/\/skelet.si\/","name":"SKELET","description":"Podjetje za izposojo in prodajo strojev ","publisher":{"@id":"https:\/\/skelet.si\/#organization"},"potentialAction":[{"@type":"SearchAction","target":{"@type":"EntryPoint","urlTemplate":"https:\/\/skelet.si\/?s={search_term_string}"},"query-input":{"@type":"PropertyValueSpecification","valueRequired":true,"valueName":"search_term_string"}}],"inLanguage":"en-US"},{"@type":"Organization","@id":"https:\/\/skelet.si\/#organization","name":"SKELET Jurij Golob s.p.","url":"https:\/\/skelet.si\/","logo":{"@type":"ImageObject","inLanguage":"en-US","@id":"https:\/\/skelet.si\/#\/schema\/logo\/image\/","url":"https:\/\/skelet.si\/wp-content\/uploads\/2025\/01\/cropped-SKELET-LOGO-C-TISK.jpg","contentUrl":"https:\/\/skelet.si\/wp-content\/uploads\/2025\/01\/cropped-SKELET-LOGO-C-TISK.jpg","width":1429,"height":482,"caption":"SKELET Jurij Golob s.p."},"image":{"@id":"https:\/\/skelet.si\/#\/schema\/logo\/image\/"},"sameAs":["https:\/\/www.facebook.com\/profile.php?id=61573910116439"]}]}},"_links":{"self":[{"href":"https:\/\/skelet.si\/index.php?rest_route=\/wp\/v2\/pages\/1701","targetHints":{"allow":["GET"]}}],"collection":[{"href":"https:\/\/skelet.si\/index.php?rest_route=\/wp\/v2\/pages"}],"about":[{"href":"https:\/\/skelet.si\/index.php?rest_route=\/wp\/v2\/types\/page"}],"author":[{"embeddable":true,"href":"https:\/\/skelet.si\/index.php?rest_route=\/wp\/v2\/users\/1"}],"replies":[{"embeddable":true,"href":"https:\/\/skelet.si\/index.php?rest_route=%2Fwp%2Fv2%2Fcomments&post=1701"}],"version-history":[{"count":5,"href":"https:\/\/skelet.si\/index.php?rest_route=\/wp\/v2\/pages\/1701\/revisions"}],"predecessor-version":[{"id":1936,"href":"https:\/\/skelet.si\/index.php?rest_route=\/wp\/v2\/pages\/1701\/revisions\/1936"}],"wp:attachment":[{"href":"https:\/\/skelet.si\/index.php?rest_route=%2Fwp%2Fv2%2Fmedia&parent=1701"}],"curies":[{"name":"wp","href":"https:\/\/api.w.org\/{rel}","templated":true}]}}